{"id":45,"date":"2018-09-13T17:38:09","date_gmt":"2018-09-13T20:38:09","guid":{"rendered":"http:\/\/laboratoriodetipografia.com.br\/agreste\/?page_id=45"},"modified":"2019-11-06T15:21:35","modified_gmt":"2019-11-06T18:21:35","slug":"o-lta","status":"publish","type":"page","link":"https:\/\/laboratoriodetipografia.com.br\/agreste\/o-lta\/","title":{"rendered":"O LTA"},"content":{"rendered":"<p><img decoding=\"async\" loading=\"lazy\" class=\"aligncenter wp-image-63 size-full\" src=\"http:\/\/laboratoriodetipografia.com.br\/agreste\/wp-content\/uploads\/2018\/09\/WhatsApp-Image-2018-06-19-at-10.59.17.jpeg\" alt=\"\" width=\"1280\" height=\"320\" srcset=\"https:\/\/laboratoriodetipografia.com.br\/agreste\/wp-content\/uploads\/2018\/09\/WhatsApp-Image-2018-06-19-at-10.59.17.jpeg 1280w, https:\/\/laboratoriodetipografia.com.br\/agreste\/wp-content\/uploads\/2018\/09\/WhatsApp-Image-2018-06-19-at-10.59.17-300x75.jpeg 300w, https:\/\/laboratoriodetipografia.com.br\/agreste\/wp-content\/uploads\/2018\/09\/WhatsApp-Image-2018-06-19-at-10.59.17-768x192.jpeg 768w, https:\/\/laboratoriodetipografia.com.br\/agreste\/wp-content\/uploads\/2018\/09\/WhatsApp-Image-2018-06-19-at-10.59.17-1024x256.jpeg 1024w\" sizes=\"(max-width: 1280px) 100vw, 1280px\" \/><\/p>\n<p>Caruaru \u00e9 o munic\u00edpio mais populoso do interior de Pernambuco. Cerca de 254.000 habitantes vivem numa \u00e1rea de 921 Km2 distante 130 Km do litoral. A cidade destaca-se pela cultura, turismo, com\u00e9rcio e industria. A UFPE foi fundada em 1946 para promover um ambiente adequado ao desenvolvimento de pessoas e \u00e0 constru\u00e7\u00e3o de conhecimentos e compet\u00eancias que contribuam para a sustentabilidade da sociedade, atrav\u00e9s do ensino, pesquisa, extens\u00e3o e gest\u00e3o. De acordo com o Minist\u00e9rio da Educa\u00e7\u00e3o a UFPE, \u00e9 atualmente a melhor universidade do Nordeste do Brasil.<\/p>\n<p>O Centro Acad\u00eamico do Agreste, CAA, foi o primeiro campus da UFPE implantado no interior, tendo sido inaugurado em mar\u00e7o de 2006 na cidade de Caruaru, com o objetivo de contribuir com o desenvolvimento social, econ\u00f4mico e cultural do Estado.<\/p>\n<p>O N\u00facleo de Design surgiu no mesmo ano da funda\u00e7\u00e3o do CAA, atrav\u00e9s do programa de interioriza\u00e7\u00e3o das universidade federais, para ofertar o Curso de gradua\u00e7\u00e3o plena em Design, no qual trinta e seis docentes ministram aulas para cerca de seiscentos alunos divididos em tr\u00eas \u00eanfases: gr\u00e1fico, produto e moda.<\/p>\n<p>O LTA \u00e9 um espa\u00e7o concebido para conjugar atividades de ensino e pesquisa tipogr\u00e1ficas no Campus de Caruaru, interior do Nordeste. Atrav\u00e9s da mobiliza\u00e7\u00e3o de professores e alunos de design envolvidos no programa de interioriza\u00e7\u00e3o do ensino da UFPE, esse laborat\u00f3rio pretende trazer para a regi\u00e3o discuss\u00f5es sobre desenho de tipos, emprego de fontes e fam\u00edlias tipogr\u00e1ficas, impress\u00e3o com tipos m\u00f3veis, produ\u00e7\u00e3o e encaderna\u00e7\u00e3o de livros, caligrafia e hist\u00f3ria da escrita.<\/p>\n<p>O LTA atrav\u00e9s do <a href=\"http:\/\/laboratoriodetipografia.com.br\/traq\/\">TraQ<\/a> oferta cursos extracurriculares de impress\u00e3o com tipos m\u00f3veis, ilustra\u00e7\u00e3o, encaderna\u00e7\u00e3o e diagrama\u00e7\u00e3o; fornece material did\u00e1tico para as disciplinas de Historia da Tipografia, Desenho Tipogr\u00e1fico, Produ\u00e7\u00e3o Gr\u00e1fica e Caligrafia, ministradas no curso de gradua\u00e7\u00e3o em design da UFPE-CAA, e desenvolve pesquisas nas \u00e1reas de restauro de tipos e equipamentos, percep\u00e7\u00e3o da forma, hist\u00f3ria e cataloga\u00e7\u00e3o de livros.<\/p>\n","protected":false},"excerpt":{"rendered":"<p>Caruaru \u00e9 o munic\u00edpio mais populoso do interior de Pernambuco. Cerca de 254.000 habitantes vivem numa \u00e1rea de 921 Km2 distante 130 Km do litoral. A cidade destaca-se pela cultura, turismo, com\u00e9rcio e industria. A UFPE foi fundada em 1946 para promover um ambiente adequado ao desenvolvimento de pessoas e \u00e0 constru\u00e7\u00e3o de conhecimentos e [&hellip;]<\/p>\n","protected":false},"author":2,"featured_media":0,"parent":0,"menu_order":0,"comment_status":"closed","ping_status":"closed","template":"template-fullwidth.php","meta":{"jetpack_post_was_ever_published":false},"jetpack_sharing_enabled":true,"jetpack_shortlink":"https:\/\/wp.me\/P2oFAv-J","_links":{"self":[{"href":"https:\/\/laboratoriodetipografia.com.br\/agreste\/wp-json\/wp\/v2\/pages\/45"}],"collection":[{"href":"https:\/\/laboratoriodetipografia.com.br\/agreste\/wp-json\/wp\/v2\/pages"}],"about":[{"href":"https:\/\/laboratoriodetipografia.com.br\/agreste\/wp-json\/wp\/v2\/types\/page"}],"author":[{"embeddable":true,"href":"https:\/\/laboratoriodetipografia.com.br\/agreste\/wp-json\/wp\/v2\/users\/2"}],"replies":[{"embeddable":true,"href":"https:\/\/laboratoriodetipografia.com.br\/agreste\/wp-json\/wp\/v2\/comments?post=45"}],"version-history":[{"count":8,"href":"https:\/\/laboratoriodetipografia.com.br\/agreste\/wp-json\/wp\/v2\/pages\/45\/revisions"}],"predecessor-version":[{"id":273,"href":"https:\/\/laboratoriodetipografia.com.br\/agreste\/wp-json\/wp\/v2\/pages\/45\/revisions\/273"}],"wp:attachment":[{"href":"https:\/\/laboratoriodetipografia.com.br\/agreste\/wp-json\/wp\/v2\/media?parent=45"}],"curies":[{"name":"wp","href":"https:\/\/api.w.org\/{rel}","templated":true}]}}