{"id":175,"date":"2018-09-19T14:41:56","date_gmt":"2018-09-19T17:41:56","guid":{"rendered":"http:\/\/laboratoriodetipografia.com.br\/agreste\/?page_id=175"},"modified":"2018-09-19T14:41:56","modified_gmt":"2018-09-19T17:41:56","slug":"bibliografia-tipografica","status":"publish","type":"page","link":"https:\/\/laboratoriodetipografia.com.br\/agreste\/bibliografia-tipografica\/","title":{"rendered":"Bibliografia Tipogr\u00e1fica"},"content":{"rendered":"<p>O Projeto de Pesquisa-A\u00e7\u00e3o, que teve inicio em agosto de 2010, tem o car\u00e1ter de desenvolver um site interativo, tipo blog, no qual internautas poderem expressar suas impress\u00f5es a respeito de uma s\u00e9rie de obras relacionadas a tipografia envolvendo os alunos de gradua\u00e7\u00e3o do Curso de Design do CAA matriculados na disciplina Historia da Tipografia, Produ\u00e7\u00e3o Gr\u00e1fica e Tipografia B\u00e1sica.<\/p>\n<p>Iniciada com uma pesquisa cient\u00edfica, existiu tamb\u00e9m a necessidade de identifica\u00e7\u00e3o e cataloga\u00e7\u00e3o dos t\u00edtulos publicados em portugu\u00eas sobre tipografia, al\u00e9m da gera\u00e7\u00e3o de um modelo para categoriza\u00e7\u00e3o e apresenta\u00e7\u00e3o \u2018online\u2019 desse material com o intuito de mobilizar o trip\u00e9 ensino\/pesquisa\/extens\u00e3o para gerar em Caruaru um conhecimento cujos benef\u00edcios ser\u00e3o sentidos no \u00e2mbito local e rapidamente se estender\u00e3o a todo territ\u00f3rio nacional.<\/p>\n<p>Al\u00e9m da bibliografia recomendada pela disciplina, todos s\u00e3o estimulados a buscar outras obras relacionadas a tipografia que ampliar\u00e3o o corpus da pesquisa. De acordo com as normas da ABNT suas refer\u00eancias s\u00e3o registradas e, sempre que poss\u00edvel o acesso direto, elas s\u00e3o comentadas atrav\u00e9s de breves resenhas.<\/p>\n<p>N\u00e3o s\u00f3 conte\u00fado, mas, diagrama\u00e7\u00e3o e produ\u00e7\u00e3o gr\u00e1fica tamb\u00e9m s\u00e3o analisados ao longo do semestre letivo por discentes orientados pelo Prof. Me. Leonardo A. Costa, respons\u00e1vel pelas disciplinas citadas. A an\u00e1lise desse \u00faltimo aspecto fica a cargo dos alunos de produ\u00e7\u00e3o gr\u00e1fica. Todas as turmas envolvidas dar\u00e3o conta de comentar a diagrama\u00e7\u00e3o. Em paralelo, o grupo do Laborando a Tipografia no Agreste modela a arquitetura da informa\u00e7\u00e3o do site, definindo padr\u00f5es de intera\u00e7\u00e3o, hierarquia e tipologia de dados.<\/p>\n<p>A movimenta\u00e7\u00e3o de v\u00e1rios atores imersos no processo de interioriza\u00e7\u00e3o do ensino superior implantado pelo Governo Federal no sentido de construir coletivamente um conhecimento de interesse nacional coloca o Agreste Pernambucano no centro da discuss\u00e3o tipogr\u00e1fica contempor\u00e2nea. A base de dados que ser\u00e1 criada fornecer\u00e1 subs\u00eddios a uma imensa gama de estudos. Pesquisas cientificas, disciplinas de gradua\u00e7\u00e3o e p\u00f3s gradua\u00e7\u00e3o e todo o pa\u00eds s\u00e3o beneficiados. Sua apresenta\u00e7\u00e3o a sociedade, ou seja, a forma como essa base de dados ser\u00e1 consultada implica num vetor cooperativo que a retro-alimentar\u00e1.<\/p>\n<p>O projeto Bibliografia Tipogr\u00e1fica prop\u00f5em uma ferramenta importante, inovadora e de amplo alcance social que estimula a leitura e promove um fundamento do design em ambientes educacionais, de pesquisa e de pr\u00e1tica profissional.<\/p>\n<p>Tendo como principal objetivo criar uma p\u00e1gina din\u00e2mica na internet que seja capaz de reunir parte significativa da produ\u00e7\u00e3o bibliogr\u00e1fica brasileira que aborde a tipografia.<br \/>\nEnvolvendo diversos perfis de membros da comunidade UFPE na gera\u00e7\u00e3o do conte\u00fado e desenvolvimento dessa p\u00e1gina; identificando e comentando a maior quantidade poss\u00edvel de livros publicados em portugu\u00eas sobre o assunto; criando ou adaptando um modelo acess\u00edvel de base de dados interativa; e estabelecendo par\u00e2metros para a cataloga\u00e7\u00e3o de livros lan\u00e7ados em outras l\u00ednguas de interesse do p\u00fablico brasileiro.<\/p>\n<p>\u00c9 importante destacar que inicialmente apenas livros ser\u00e3o selecionados e resenhados. Excluindo-se peri\u00f3dicos e outras fontes para poss\u00edvel concentra\u00e7\u00e3o nos cat\u00e1logos das editoras atuantes no mercado nacional, estoques de livrarias e acervos de bibliotecas p\u00fablicas e privadas, assegurando a produtividade da pesquisa-a\u00e7\u00e3o.<\/p>\n","protected":false},"excerpt":{"rendered":"<p>O Projeto de Pesquisa-A\u00e7\u00e3o, que teve inicio em agosto de 2010, tem o car\u00e1ter de desenvolver um site interativo, tipo blog, no qual internautas poderem expressar suas impress\u00f5es a respeito de uma s\u00e9rie de obras relacionadas a tipografia envolvendo os alunos de gradua\u00e7\u00e3o do Curso de Design do CAA matriculados na disciplina Historia da Tipografia, [&hellip;]<\/p>\n","protected":false},"author":2,"featured_media":0,"parent":0,"menu_order":0,"comment_status":"closed","ping_status":"closed","template":"template-fullwidth.php","meta":{"jetpack_post_was_ever_published":false},"jetpack_sharing_enabled":true,"jetpack_shortlink":"https:\/\/wp.me\/P2oFAv-2P","_links":{"self":[{"href":"https:\/\/laboratoriodetipografia.com.br\/agreste\/wp-json\/wp\/v2\/pages\/175"}],"collection":[{"href":"https:\/\/laboratoriodetipografia.com.br\/agreste\/wp-json\/wp\/v2\/pages"}],"about":[{"href":"https:\/\/laboratoriodetipografia.com.br\/agreste\/wp-json\/wp\/v2\/types\/page"}],"author":[{"embeddable":true,"href":"https:\/\/laboratoriodetipografia.com.br\/agreste\/wp-json\/wp\/v2\/users\/2"}],"replies":[{"embeddable":true,"href":"https:\/\/laboratoriodetipografia.com.br\/agreste\/wp-json\/wp\/v2\/comments?post=175"}],"version-history":[{"count":1,"href":"https:\/\/laboratoriodetipografia.com.br\/agreste\/wp-json\/wp\/v2\/pages\/175\/revisions"}],"predecessor-version":[{"id":176,"href":"https:\/\/laboratoriodetipografia.com.br\/agreste\/wp-json\/wp\/v2\/pages\/175\/revisions\/176"}],"wp:attachment":[{"href":"https:\/\/laboratoriodetipografia.com.br\/agreste\/wp-json\/wp\/v2\/media?parent=175"}],"curies":[{"name":"wp","href":"https:\/\/api.w.org\/{rel}","templated":true}]}}